{"id":731,"date":"2023-12-19T17:15:03","date_gmt":"2023-12-19T16:15:03","guid":{"rendered":"https:\/\/lesgitesdanais.com\/?page_id=731"},"modified":"2023-12-19T17:15:03","modified_gmt":"2023-12-19T16:15:03","slug":"mentions-legales","status":"publish","type":"page","link":"https:\/\/lesgitesdanais.com\/index.php\/mentions-legales\/","title":{"rendered":"Mentions l\u00e9gales"},"content":{"rendered":"\n<p><strong>IDENTIFICATION DE L&rsquo;\u00c9DITEUR<\/strong><\/p>\n\n\n\n<p>Le site Les g\u00eetes d&rsquo;Ana\u00efs (ci-apr\u00e8s \u00ab\u00a0<strong>le Site<\/strong>\u00a0\u00bb), accessible \u00e0 l\u2019adresse www.lesgitesdanais.com est \u00e9dit\u00e9 par Ana\u00efs GARCIN (ci-apr\u00e8s \u00ab\u00a0<strong>l&rsquo;\u00c9diteur<\/strong>\u00a0\u00bb),  situ\u00e9 130 rue de la tour, 05350 MOLINES EN QUEYRAS. <\/p>\n\n\n\n<p>L&rsquo;\u00c9diteur peut \u00eatre contact\u00e9 au num\u00e9ro 06 10 74 17 65.<\/p>\n\n\n\n<p><strong>H\u00c9BERGEUR DU SITE INTERNET<\/strong><\/p>\n\n\n\n<p>Le site QueyrasWeb est h\u00e9berg\u00e9 par OVH, www.ovh.com.<\/p>\n\n\n\n<p>L\u2019h\u00e9bergeur est joignable par mail \u00e0 l\u2019adresse suivante&nbsp;:&nbsp;support@ovh.com.<\/p>\n\n\n\n<p>Il est \u00e9galement joignable au num\u00e9ro suivant&nbsp;: +353 01 691 7283.<\/p>\n\n\n\n<p><strong>RESPECT DE LA PROPRI\u00c9T\u00c9 INTELLECTUELLE<\/strong><strong><\/strong><\/p>\n\n\n\n<p>Toutes les marques, photographies, textes, commentaires, illustrations, images anim\u00e9es ou non, s\u00e9quences vid\u00e9o, sons, ainsi que toutes les applications informatiques qui pourraient \u00eatre utilis\u00e9es pour faire fonctionner le Site, et plus g\u00e9n\u00e9ralement tous les \u00e9l\u00e9ments reproduits ou utilis\u00e9s sur le Site, sont prot\u00e9g\u00e9s par les lois en vigueur au titre de la propri\u00e9t\u00e9 intellectuelle.<\/p>\n\n\n\n<p>Ils sont la propri\u00e9t\u00e9 pleine et enti\u00e8re de l&rsquo;\u00c9diteur ou de ses partenaires, sauf mentions particuli\u00e8res. Toute reproduction, repr\u00e9sentation, utilisation ou adaptation, sous quelque forme que ce soit, de tout ou partie de ces \u00e9l\u00e9ments, y compris les applications informatiques, sans l&rsquo;accord pr\u00e9alable et \u00e9crit de l&rsquo;\u00c9diteur, sont strictement interdites. Le fait pour l&rsquo;\u00c9diteur de ne pas engager de proc\u00e9dure d\u00e8s la prise de connaissance de ces utilisations non autoris\u00e9es ne vaut pas acceptation desdites utilisations et renonciation aux poursuites.<\/p>\n\n\n\n<p>Seule l&rsquo;utilisation pour un usage priv\u00e9 dans un cercle de famille est autoris\u00e9e et toute autre utilisation est constitutive de contrefa\u00e7on et\/ou d&rsquo;atteinte aux droits voisins, sanctionn\u00e9es par Code de la propri\u00e9t\u00e9 intellectuelle.<\/p>\n\n\n\n<p>La reprise de tout ou partie de ce contenu n\u00e9cessite l&rsquo;autorisation pr\u00e9alable de l&rsquo;\u00c9diteur ou du titulaire des droits sur ce contenu.<\/p>\n\n\n\n<p><strong>LIENS HYPERTEXTES<\/strong><\/p>\n\n\n\n<p>Le Site peut contenir des liens hypertextes donnant acc\u00e8s \u00e0 d&rsquo;autres sites web \u00e9dit\u00e9s et g\u00e9r\u00e9s par des tiers et non par l&rsquo;\u00c9diteur. L&rsquo;\u00c9diteur ne pourra \u00eatre tenu responsable directement ou indirectement dans le cas o\u00f9 lesdits sites tiers ne respecteraient pas les dispositions l\u00e9gales.<\/p>\n\n\n\n<p>La cr\u00e9ation de liens hypertextes vers le Site ne peut \u00eatre faite qu&rsquo;avec l&rsquo;autorisation \u00e9crite et pr\u00e9alable de l&rsquo;\u00c9diteur.<\/p>\n","protected":false},"excerpt":{"rendered":"<p>IDENTIFICATION DE L&rsquo;\u00c9DITEUR Le site Les g\u00eetes d&rsquo;Ana\u00efs (ci-apr\u00e8s \u00ab\u00a0le Site\u00a0\u00bb), accessible \u00e0 l\u2019adresse www.lesgitesdanais.com est \u00e9dit\u00e9 par Ana\u00efs GARCIN (ci-apr\u00e8s \u00ab\u00a0l&rsquo;\u00c9diteur\u00a0\u00bb), situ\u00e9 130 rue de la tour, 05350 MOLINES EN QUEYRAS. L&rsquo;\u00c9diteur peut \u00eatre contact\u00e9 au num\u00e9ro 06 10 74 17 65. H\u00c9BERGEUR DU SITE INTERNET Le site QueyrasWeb est h\u00e9berg\u00e9 par OVH, www.ovh.com.&hellip;&nbsp;<a href=\"https:\/\/lesgitesdanais.com\/index.php\/mentions-legales\/\" rel=\"bookmark\">Lire la suite &raquo;<span class=\"screen-reader-text\">Mentions l\u00e9gales<\/span><\/a><\/p>\n","protected":false},"author":1,"featured_media":0,"parent":0,"menu_order":0,"comment_status":"closed","ping_status":"closed","template":"","meta":{"neve_meta_sidebar":"","neve_meta_container":"","neve_meta_enable_content_width":"","neve_meta_content_width":0,"neve_meta_title_alignment":"","neve_meta_author_avatar":"","neve_post_elements_order":"","neve_meta_disable_header":"","neve_meta_disable_footer":"","neve_meta_disable_title":"","footnotes":""},"class_list":["post-731","page","type-page","status-publish","hentry"],"_links":{"self":[{"href":"https:\/\/lesgitesdanais.com\/index.php\/wp-json\/wp\/v2\/pages\/731","targetHints":{"allow":["GET"]}}],"collection":[{"href":"https:\/\/lesgitesdanais.com\/index.php\/wp-json\/wp\/v2\/pages"}],"about":[{"href":"https:\/\/lesgitesdanais.com\/index.php\/wp-json\/wp\/v2\/types\/page"}],"author":[{"embeddable":true,"href":"https:\/\/lesgitesdanais.com\/index.php\/wp-json\/wp\/v2\/users\/1"}],"replies":[{"embeddable":true,"href":"https:\/\/lesgitesdanais.com\/index.php\/wp-json\/wp\/v2\/comments?post=731"}],"version-history":[{"count":1,"href":"https:\/\/lesgitesdanais.com\/index.php\/wp-json\/wp\/v2\/pages\/731\/revisions"}],"predecessor-version":[{"id":732,"href":"https:\/\/lesgitesdanais.com\/index.php\/wp-json\/wp\/v2\/pages\/731\/revisions\/732"}],"wp:attachment":[{"href":"https:\/\/lesgitesdanais.com\/index.php\/wp-json\/wp\/v2\/media?parent=731"}],"curies":[{"name":"wp","href":"https:\/\/api.w.org\/{rel}","templated":true}]}}